{"id":6318,"date":"2025-04-07T20:25:45","date_gmt":"2025-04-07T20:25:45","guid":{"rendered":"https:\/\/sipol.com\/informativa-sulla-privacy\/"},"modified":"2025-05-28T13:36:12","modified_gmt":"2025-05-28T13:36:12","slug":"informativa-sulla-privacy","status":"publish","type":"page","link":"https:\/\/sipol.com\/it\/informativa-sulla-privacy\/","title":{"rendered":"Informativa sulla privacy"},"content":{"rendered":"<p><section data-bb-version=\"5.2.6\" id=\"bt_bb_section69da0d8cbc839\" class=\"bt_bb_section bt_bb_layout_boxed_1200 bt_bb_vertical_align_bottom bt_bb_top_spacing_extra_large bt_bb_bottom_spacing_normal bt_bb_section_allow_content_outside\" style=\"z-index: 3;\" data-bt-override-class=\"{&quot;bt_bb_top_spacing_&quot;:{&quot;current_class&quot;:&quot;bt_bb_top_spacing_extra_large&quot;,&quot;def&quot;:&quot;extra_large&quot;},&quot;bt_bb_bottom_spacing_&quot;:{&quot;current_class&quot;:&quot;bt_bb_bottom_spacing_normal&quot;,&quot;def&quot;:&quot;normal&quot;},&quot;bt_bb_animation_&quot;:{&quot;current_class&quot;:&quot;bt_bb_animation_no_animation&quot;,&quot;def&quot;:&quot;no_animation&quot;}}\"><div class=\"bt_bb_port\"><div class=\"bt_bb_cell\"><div class=\"bt_bb_cell_inner\"><div class=\"bt_bb_row \"  data-bt-override-class=\"{}\"><div class=\"bt_bb_row_holder\" ><div  class=\"bt_bb_column col-xxl-12 col-xl-12 col-xs-12 col-sm-12 col-md-12 col-lg-12 bt_bb_vertical_align_middle bt_bb_align_left bt_bb_padding_normal bt_bb_animation_fade_in animate\" style=\"position: relative;; --column-width:12;\" data-width=\"12\" data-bt-override-class=\"{}\"><div class=\"bt_bb_column_content\"><div class=\"bt_bb_column_content_inner\"><header data-bb-version=\"5.2.8\" class=\"bt_bb_headline bt_bb_text_transform_uppercase bt_bb_dash_none bt_bb_size_inherit bt_bb_align_center\" style=\";color:rgb(255,255,255);border-color:rgb(255,255,255);\" data-bt-override-class=\"{&quot;bt_bb_size_&quot;:{&quot;current_class&quot;:&quot;bt_bb_size_inherit&quot;,&quot;def&quot;:&quot;inherit&quot;},&quot;bt_bb_align_&quot;:{&quot;current_class&quot;:&quot;bt_bb_align_center&quot;,&quot;def&quot;:&quot;center&quot;},&quot;bt_bb_animation_&quot;:{&quot;current_class&quot;:&quot;bt_bb_animation_no_animation&quot;,&quot;def&quot;:&quot;no_animation&quot;}}\"><h1 style=\"font-size:60px\" class=\"bt_bb_headline_tag\"><span class=\"bt_bb_headline_content\"><span>Informativa sulla privacy<\/span><\/span><\/h1><\/header><\/div><\/div><\/div><\/div><\/div><\/div><!-- cell_inner --><\/div><!-- cell --><\/div><!-- port --><\/section><section data-bb-version=\"5.3.1\" id=\"bt_bb_section69da0d8cbcb5e\" class=\"bt_bb_section bt_bb_layout_boxed_1000 bt_bb_vertical_align_top bt_bb_top_spacing_medium bt_bb_bottom_spacing_medium bt_bb_section_allow_content_outside\" style=\"z-index: 3;\" data-bt-override-class=\"{&quot;bt_bb_top_spacing_&quot;:{&quot;current_class&quot;:&quot;bt_bb_top_spacing_medium&quot;,&quot;def&quot;:&quot;medium&quot;},&quot;bt_bb_bottom_spacing_&quot;:{&quot;current_class&quot;:&quot;bt_bb_bottom_spacing_medium&quot;,&quot;def&quot;:&quot;medium&quot;},&quot;bt_bb_animation_&quot;:{&quot;current_class&quot;:&quot;bt_bb_animation_no_animation&quot;,&quot;def&quot;:&quot;no_animation&quot;}}\"><div class=\"bt_bb_port\"><div class=\"bt_bb_cell\"><div class=\"bt_bb_cell_inner\"><div class=\"bt_bb_row \"  data-bt-override-class=\"{}\"><div class=\"bt_bb_row_holder\" ><div  class=\"bt_bb_column col-xxl-12 col-xl-12 col-xs-12 col-sm-12 col-md-12 col-lg-12 bt_bb_vertical_align_middle bt_bb_align_left bt_bb_padding_normal bt_bb_animation_fade_in animate\" style=\"position: relative;; --column-width:12;\" data-width=\"12\" data-bt-override-class=\"{}\"><div class=\"bt_bb_column_content\"><div class=\"bt_bb_column_content_inner\"><div data-bb-version=\"5.2.8\"  class=\"bt_bb_text\" ><\/p>\n<h4>PRIVACY POLICY E INFORMATIVA ART. 13 GENERAL DATA PROTECTION REGULATION (EU) 2016\/679 (GDPR) (European regulation on personal data protection)<\/h4>\n<p>&nbsp;<\/p>\n<p>La presente Privacy Policy \u00e8 volta ad illustrare le modalit\u00e0 e le finalit\u00e0 dei trattamenti di dati personali effettuati da parte della societ\u00e0 Sipol S.p.a. in qualit\u00e0 di titolare del trattamento del sito www.sipol.com ed i servizi ad esso collegati.<br \/>\nLa societ\u00e0 Sipol S.p.a. rispetta la privacy di ogni Utente che visita il Sito e utilizza i Servizi.<br \/>\nLa Policy non si applica ai siti terzi accessibili tramite link presenti sul Sito del titolare.<br \/>\nIl trattamento dei dati personali degli Utenti avviene in piena conformit\u00e0 del Regolamento Generale sulla protezione dei dati (UE) 2016\/679.<\/p>\n<p>&nbsp;<\/p>\n<h5><strong>1. Identit\u00e0 e dati di contatto del Titolare del trattamento<\/strong><\/h5>\n<p>Il Titolare del trattamento dei dati \u00e8 la societ\u00e0 Sipol S.p.a. \u2013 Via Leonardo da Vinci, 5 \u2013 27036 Mortara (PV) \u2013<br \/>\nP.IVA 01842120188 &#8211; C.F. 01669490037 \u2013 e-mail: privacy@sipol.com.<\/p>\n<p>&nbsp;<\/p>\n<h5><strong>2. Categorie di dati personali trattati<\/strong><\/h5>\n<p>Il Titolare del trattamento potr\u00e0 trattare le seguenti categorie di dati personali degli Utenti:<\/p>\n<ul>\n<li><span style=\"font-family: Gilroy Regular;\">dati volontariamente comunicati dall\u2019Utente in caso di compilazione del form di richiesta informazioni:<\/span><br \/>\n<span style=\"font-family: Gilroy Regular;\">o Nome e cognome \u2013 campi obbligatori.<\/span><br \/>\n<span style=\"font-family: Gilroy Regular;\">o Indirizzo e-mail \u2013 campo obbligatorio.<\/span><br \/>\n<span style=\"font-family: Gilroy Regular;\">o Telefono \u2013 campo obbligatorio.<\/span><br \/>\n<span style=\"font-family: Gilroy Regular;\">o Azienda \u2013 campo obbligatorio.<\/span><br \/>\n<span style=\"font-family: Gilroy Regular;\">o Richiesta \u2013 campo obbligatorio.<\/span><\/li>\n<li><span style=\"font-family: Gilroy Regular;\">Dati volontariamente comunicati dall\u2019Utente in caso di compilazione del form per l\u2019invio di una candidatura spontanea:<\/span><br \/>\n<span style=\"font-family: Gilroy Regular;\">o Nome e cognome \u2013 campi obbligatori.<\/span><br \/>\n<span style=\"font-family: Gilroy Regular;\">o Telefono \u2013 campo obbligatorio.<\/span><br \/>\n<span style=\"font-family: Gilroy Regular;\">o Indirizzo e-mail \u2013 campo obbligatorio.<\/span><br \/>\n<span style=\"font-family: Gilroy Regular;\">o Messaggio \u2013 campo facoltativo.<\/span><br \/>\n<span style=\"font-family: Gilroy Regular;\">o Curriculum Vitae \u2013 campo obbligatorio.<\/span><\/li>\n<li><span style=\"font-family: Gilroy Regular;\">Dati volontariamente comunicati dall\u2019Utente in caso di compilazione del form per la registrazione <\/span><span style=\"font-family: Gilroy Regular;\">all\u2019area riservata:<\/span><br \/>\n<span style=\"font-family: Gilroy Regular;\">o Nome e cognome \u2013 campi obbligatori.<\/span><br \/>\n<span style=\"font-family: Gilroy Regular;\">o Ruolo \u2013 campo facoltativo.<\/span><br \/>\n<span style=\"font-family: Gilroy Regular;\">o Societ\u00e0 \u2013 campo obbligatorio.<\/span><br \/>\n<span style=\"font-family: Gilroy Regular;\">o Telefono \u2013 campo facoltativo.<\/span><br \/>\n<span style=\"font-family: Gilroy Regular;\">o Indirizzo e-mail \u2013 campo obbligatorio.<\/span><br \/>\n<span style=\"font-family: Gilroy Regular;\">o Username e password \u2013 campi obbligatori.<\/span><\/li>\n<li><span style=\"font-family: Gilroy Regular;\">L&#8217;invio facoltativo, esplicito e volontario di messaggi agli indirizzi di contatto del Titolare, (cos\u00ec come <\/span><span style=\"font-family: Gilroy Regular;\">la compilazione dei form sopraindicati), comportano l&#8217;acquisizione di dati personali, identificativi e di <\/span><span style=\"font-family: Gilroy Regular;\">contatto del mittente, necessari a rispondere, nonch\u00e9 di altri dati personali inclusi nelle <\/span><span style=\"font-family: Gilroy Regular;\">comunicazioni e\/o richieste; ove necessario, sono pubblicate specifiche informative nelle pagine web <\/span><span style=\"font-family: Gilroy Regular;\">predisposte per l&#8217;erogazione di servizi differenti e differenti finalit\u00e0.<\/span><\/li>\n<li><span style=\"font-family: Gilroy Regular;\">Dati di navigazione: i sistemi informatici e le procedure software preposte al funzionamento di questo <\/span><span style=\"font-family: Gilroy Regular;\">sito acquisiscono, nel corso del loro normale esercizio, alcuni dati personali la cui trasmissione \u00e8 <\/span><span style=\"font-family: Gilroy Regular;\">implicita nell&#8217;uso dei protocolli di comunicazione di Internet.<\/span><br \/>\n<span style=\"font-family: Gilroy Regular;\">In questa categoria di dati rientrano gli indirizzi IP o i nomi a dominio dei computer e dei terminali <\/span><span style=\"font-family: Gilroy Regular;\">utilizzati dagli Utenti, gli indirizzi in notazione URI\/URL (Uniform Resource Identifier\/Locator) delle <\/span><span style=\"font-family: Gilroy Regular;\">risorse richieste, l&#8217;orario della richiesta, il metodo utilizzato nel sottoporre la richiesta al server, la <\/span><span style=\"font-family: Gilroy Regular;\">dimensione del file ottenuto in risposta, il codice numerico indicante lo stato della risposta data dal <\/span><span style=\"font-family: Gilroy Regular;\">server (buon fine, errore, ecc.) ed altri parametri relativi al sistema operativo e all&#8217;ambiente <\/span><span style=\"font-family: Gilroy Regular;\">informatico dell&#8217;Utente.<\/span><br \/>\n<span style=\"font-family: Gilroy Regular;\">Tali dati, necessari per la fruizione dei servizi web, vengono anche trattati allo scopo di:<\/span><br \/>\n<span style=\"font-family: Gilroy Regular;\">o ottenere informazioni statistiche sull&#8217;uso dei servizi (pagine pi\u00f9 visitate, numero di visitatori per <\/span><span style=\"font-family: Gilroy Regular;\">fascia oraria o giornaliera, aree geografiche di provenienza, ecc.);<\/span><br \/>\n<span style=\"font-family: Gilroy Regular;\">o controllare il corretto funzionamento dei servizi offerti.<\/span><br \/>\n<span style=\"font-family: Gilroy Regular;\">o nel caso di ipotetici reati informatici prodotti ai danni del sito, in accordo con l&#8217;autorit\u00e0<\/span><br \/>\n<span style=\"font-family: Gilroy Regular;\">giudiziaria tali dati potrebbero essere utilizzati per l\u2019accertamento di responsabilit\u00e0.<\/span><\/li>\n<li><span style=\"font-family: Gilroy Regular;\">Cookie e altri sistemi di tracciamento: per quanto riguarda la finalit\u00e0 e gestione dei consensi relativi,<\/span><br \/>\n<span style=\"font-family: Gilroy Regular;\">si rimanda alla specifica sezione \u201cCookie Policy\u201d.<\/span><\/li>\n<li><span style=\"font-family: Gilroy Regular;\">Dati di condivisione dei contenuti tramite Social Network: il sito web include plug in\/pulsanti al fine di<\/span><br \/>\n<span style=\"font-family: Gilroy Regular;\">consentire la condivisione dei contenuti sui Social (Linkedin).<\/span><\/li>\n<\/ul>\n<p>&nbsp;<\/p>\n<h5><strong>3. Finalit\u00e0 e basi giuridiche del trattamento dei dati personali<\/strong><\/h5>\n<p>Il Titolare tratta i dati degli Utenti per consentire la navigazione del proprio sito e per poter rispondere ad<br \/>\neventuali richieste inviate volontariamente dell\u2019Utente, cos\u00ec come per poter valutare le candidature spontanee.<br \/>\nQualsiasi ulteriore trattamento avviene solo sulla base di obblighi previsti dalla legge e sulla base del legittimo interesse. Per ogni altra finalit\u00e0 di trattamento viene richiesto esplicito consenso fornito dall&#8217;Utente al Titolare.<br \/>\nIn particolare, Sipol S.p.a. raccoglie e tratta i dati personali degli Utenti per le seguenti finalit\u00e0:<br \/>\na) rispondere alle richieste degli Utenti inviate tramite il Sito;<br \/>\nb) consentire la valutazione delle candidature spontanee;<br \/>\nc) gestire l\u2019account: per consentire la registrazione, l\u2019accesso e la gestione dell\u2019Utente attraverso l\u2019area riservata;<br \/>\nd) consentire agli Utenti l\u2019utilizzo dei servizi presenti sul sito;<br \/>\ne) migliorare la presentazione, le caratteristiche e le funzionalit\u00e0 del Sito.<br \/>\nf) finalit\u00e0 connesse agli obblighi previsti di natura legale e fiscale previsti da leggi, da regolamenti, da normative comunitarie, nonch\u00e9 da disposizioni impartite da Autorit\u00e0 e da Organi di vigilanza e controllo;<br \/>\ng) consentire all\u2019Utente di navigare sul sito;<br \/>\nh) difesa in giudizio e sicurezza del sito.<\/p>\n<p>La base legale del trattamento di dei dati personali per le finalit\u00e0 di cui da a) a e) \u00e8 l\u2019art. 6 par.1, lett. b) del GDPR in quanto i trattamenti sono necessari all\u2019erogazione dei Servizi e\/o per il riscontro di richieste dell\u2019interessato. Il conferimento dei Dati Personali per queste finalit\u00e0 \u00e8 facoltativo ma l\u2019eventuale mancato conferimento comporterebbe l\u2019impossibilit\u00e0 di attivare i Servizi forniti dal Sito.<br \/>\nPer le finalit\u00e0 di cui alla lettera f) la base giuridica \u00e8 individuata nell\u2019art. 6. par.1 lett.c) GDPR per i trattamenti necessari per adempiere ad obblighi legali mentre per le finalit\u00e0 di cui alla lettera g) e h) la base giuridica individuata \u00e8 nell\u2019art 6. par.1 lett. f) GDPR per il perseguimento del legittimo interesse.<\/p>\n<p>&nbsp;<\/p>\n<h5><strong>4. Tempi di conservazione dei dati<\/strong><\/h5>\n<p>I dati personali trattati dalla Societ\u00e0 Sipol S.p.a. sulla base del consenso dell&#8217;Utente saranno conservati per il tempo strettamente necessario al raggiungimento delle finalit\u00e0 per cui sono stati originariamente raccolti e, in<br \/>\nogni caso, non verranno pi\u00f9 trattati a seguito di eventuale revoca del consenso prestato.<br \/>\nLaddove il trattamento dei dati personali dovesse invece avvenire in adempimento ad obblighi legali, fiscali o giudiziari, i dati potranno essere conservati fino ad un massimo di dieci (10) anni.<br \/>\nI dati di navigazione non persistono per pi\u00f9 di sette giorni (salve eventuali necessit\u00e0 di accertamento di reati da parte dell&#8217;Autorit\u00e0 giudiziaria).<\/p>\n<p>I dati inviati tramite la compilazione dei form, sono conservati per il tempo strettamente necessario a gestire la richiesta.<br \/>\nI dati relativi all\u2019account dell\u2019area riservata, sono conservati per tutta la durata della registrazione, fino alla sua cancellazione.<\/p>\n<p>&nbsp;<\/p>\n<h5><strong>5. Conferimento dei dati<\/strong><\/h5>\n<p>Fatta eccezione per i dati di navigazione, l\u2019Utente \u00e8 libero di fornire i propri dati personali attraverso gli appositi form di richiesta disponibili sul sito. Ogni modulo evidenzia chiaramente i campi obbligatori, la cui compilazione \u00e8 necessaria per consentire a Sipol S.p.a. di dare seguito alla richiesta ricevuta. L\u2019eventuale mancata indicazione dei dati contrassegnati come obbligatori, comporter\u00e0 l\u2019impossibilit\u00e0 per Sipol S.p.A. di fornire il servizio e\/o le informazioni richieste e\/o la valutazione della candidatura spontanea.<\/p>\n<p>&nbsp;<\/p>\n<h5><strong>6. Modalit\u00e0 del trattamento<\/strong><\/h5>\n<p>Tutti i dati personali saranno trattati attraverso l\u2019ausilio di strumenti cartacei ed informatizzati.<br \/>\nIl Titolare del Trattamento ha adottato tutte le necessarie misure tecniche e organizzative adeguate per garantire un livello di sicurezza elevato al fine di ridurre al minimo i rischi inerenti alla riservatezza, alla disponibilit\u00e0 e all\u2019integrit\u00e0 dei dati personali raccolti e trattati, sulla base degli artt.24, 25 e 32 del GDPR.<\/p>\n<p>&nbsp;<\/p>\n<h5><strong>7. Destinatari dei dati personali &#8211; Comunicazione e diffusione dei dati personali<\/strong><\/h5>\n<p>I dati personali trattati saranno oggetto di comunicazione a soggetti ben definiti quali:<\/p>\n<ul>\n<li><span style=\"font-family: Gilroy Regular;\">soggetti che agiscono tipicamente in qualit\u00e0 di responsabili del trattamento ex art. 28 del GDPR quali a titolo esemplificativo ma non esaustivo:<\/span><br \/>\n<span style=\"font-family: Gilroy Regular;\">o persone, societ\u00e0 o studi professionali che prestano attivit\u00e0 di assistenza e consulenza in materia contabile, amministrativa, legale, tributaria, data protection, relativamente all\u2019erogazione dei Servizi;<\/span><br \/>\n<span style=\"font-family: Gilroy Regular;\">o soggetti con i quali sia necessario interagire per l\u2019erogazione dei Servizi (ad esempio gli hosting provider, web agency etc.);<\/span><br \/>\n<span style=\"font-family: Gilroy Regular;\">o soggetti delegati a svolgere attivit\u00e0 di manutenzione tecnica (inclusa la manutenzione degli apparati di rete e delle reti di comunicazione elettronica). L\u2019elenco aggiornato dei responsabili del trattamento designati \u00e8 disponibile presso il Titolare del trattamento e pu\u00f2 essere richiesto dagli interessati mediante apposita istanza.<\/span><\/li>\n<li><span style=\"font-family: Gilroy Regular;\">soggetti, enti od autorit\u00e0, autonomi titolari del trattamento, a cui sia obbligatorio comunicare i Suoi dati personali in forza di disposizioni di legge o di ordini delle Autorit\u00e0;<\/span><\/li>\n<li><span style=\"font-family: Gilroy Regular;\">persone autorizzate da Sipol S.p.a. al trattamento di dati personali ex art. 29 del GDPR necessario a svolgere attivit\u00e0 strettamente correlate all\u2019erogazione dei Servizi, che si siano impegnate alla riservatezza o abbiano un adeguato obbligo legale di riservatezza (es. personale dipendente e collaboratore di Sipol, ODV etc.).<\/span><\/li>\n<\/ul>\n<p>Il servizio di web hosting \u00e8 localizzato in UE.<\/p>\n<p>&nbsp;<\/p>\n<h5><strong>8. Trasferimento all\u2019estero dei dati personali<\/strong><\/h5>\n<p>La gestione e la conservazione dei dati personali connessi all\u2019operativit\u00e0 del presente sito web avviene su<br \/>\nserver ubicati all\u2019interno dell\u2019Unione Europea.<br \/>\nQualora, per esigenze di natura tecnica e\/o operativa, si rendesse necessario avvalersi di soggetti situati al di fuori dello Spazio Economico Europeo (SEE), ovvero trasferire alcuni dati verso sistemi cloud localizzati in Paesi terzi, tali trattamenti saranno effettuati nel rispetto di quanto previsto dal Capo V del Regolamento (UE) 2016\/679.<br \/>\nIn particolare, ogni trasferimento sar\u00e0 effettuato:<br \/>\na) sulla base di una decisione di adeguatezza della Commissione Europea ex art. 45 GDPR;<br \/>\nb) in presenza di garanzie adeguate ai sensi dell\u2019art. 46 GDPR, come clausole contrattuali standard approvate dalla Commissione.<br \/>\nc) attraverso l\u2019adozione di norme vincolanti d\u2019impresa (Binding Corporate Rules \u2013 BCR), approvate ai sensi dell\u2019art. 47 GDPR.<\/p>\n<p>&nbsp;<\/p>\n<h5><strong>9. Trattamento di dati personali di minori<\/strong><\/h5>\n<p>L&#8217;utilizzo del Sito e dei Servizi \u00e8 riservato soltanto ad Utenti maggiorenni. Sipol S.p.a. non tratta dati personali di minori.<\/p>\n<p>&nbsp;<\/p>\n<h5><strong>10. Diritti dell&#8217;interessato<\/strong><\/h5>\n<p>Il Titolare del trattamento \u00e8 liberamente contattabile per qualsiasi richiesta inerente alla presente Policy scrivendo a privacy@sipol.com.<br \/>\nL\u2019Utente ha il diritto di esercitare, in qualsiasi momento, i diritti riconosciuti dagli articoli 15-22 del Regolamento (UE) 2016\/679 (GDPR), tra cui, a titolo esemplificativo, il diritto di accesso, rettifica, cancellazione, limitazione, opposizione al trattamento, nonch\u00e9 il diritto alla portabilit\u00e0 dei dati personali. Tali diritti possono essere esercitati mediante l\u2019invio di una specifica richiesta al Titolare del trattamento, utilizzando i canali di contatto indicati nella presente Informativa.<br \/>\nAi sensi dell\u2019art. 7, paragrafo 3 del GDPR, l\u2019interessato ha inoltre il diritto di revocare in qualsiasi momento il consenso eventualmente prestato, senza pregiudicare la liceit\u00e0 del trattamento basata sul consenso prima della revoca. La revoca pu\u00f2 essere comunicata al Titolare del trattamento utilizzando i medesimi recapiti sopra indicati.<\/p>\n<p>&nbsp;<\/p>\n<h5><strong>11. Cookie policy<\/strong><\/h5>\n<p>Per maggiori informazioni sull&#8217;utilizzo dei cookies da parte del presente sito web, si invita l\u2019Utente a consultare l\u2019apposita<strong> Cookie Policy<\/strong>, disponibile nell\u2019apposita sezione del sito.<\/p>\n<p>&nbsp;<\/p>\n<h5><strong>12. Social Media Policy<\/strong><\/h5>\n<p>Per conoscere le modalit\u00e0 di gestione dei dati personali sui canali social ufficiali del Titolare, si rinvia all\u2019apposita <strong>Social Media Policy<\/strong>, consultabile nella sezione dedicata del sito.<\/p>\n<p>&nbsp;<\/p>\n<h5><strong>13. Link a siti di terze parti<\/strong><\/h5>\n<p>Sipol S.p.a. non potr\u00e0 in alcun caso essere ritenuta responsabile dei trattamenti effettuati attraverso e\/o in relazione a tali siti di terzi.<br \/>\nSi invitano quindi gli Utenti a prestare la massima attenzione in tal senso, prendendo visione delle condizioni dell&#8217;uso e della privacy e cookie policy pubblicate sui vari siti\/portali\/social network visitati.<\/p>\n<p>&nbsp;<\/p>\n<h5><strong>14. Modifiche e aggiornamenti<\/strong><\/h5>\n<p>La presente Policy \u00e8 aggiornata e applicabile dal 27 Maggio 2025.<br \/>\nQualsiasi ulteriore modifica sar\u00e0 comunicata agli Utenti con mezzi e i tempi ritenuti pi\u00f9 opportuni dal Titolare, in particolare attraverso la pubblicazione sul Sito.<\/p>\n<p>\n<\/div><\/div><\/div><\/div><\/div><\/div><\/div><!-- cell_inner --><\/div><!-- cell --><\/div><!-- port --><\/section><\/p>\n","protected":false},"excerpt":{"rendered":"","protected":false},"author":1,"featured_media":0,"parent":0,"menu_order":0,"comment_status":"closed","ping_status":"closed","template":"","meta":{"_acf_changed":false,"inline_featured_image":false,"footnotes":""},"page-category":[],"class_list":["post-6318","page","type-page","status-publish","hentry"],"acf":[],"yoast_head":"<!-- This site is optimized with the Yoast SEO plugin v25.1 - https:\/\/yoast.com\/wordpress\/plugins\/seo\/ -->\n<title>Informativa sulla privacy - Sipol<\/title>\n<meta name=\"robots\" content=\"index, follow, max-snippet:-1, max-image-preview:large, max-video-preview:-1\" \/>\n<link rel=\"canonical\" href=\"https:\/\/sipol.com\/it\/informativa-sulla-privacy\/\" \/>\n<meta property=\"og:locale\" content=\"it_IT\" \/>\n<meta property=\"og:type\" content=\"article\" \/>\n<meta property=\"og:title\" content=\"Informativa sulla privacy - Sipol\" \/>\n<meta property=\"og:url\" content=\"https:\/\/sipol.com\/it\/informativa-sulla-privacy\/\" \/>\n<meta property=\"og:site_name\" content=\"Sipol\" \/>\n<meta property=\"article:modified_time\" content=\"2025-05-28T13:36:12+00:00\" \/>\n<meta name=\"twitter:card\" content=\"summary_large_image\" \/>\n<meta name=\"twitter:label1\" content=\"Tempo di lettura stimato\" \/>\n\t<meta name=\"twitter:data1\" content=\"13 minuti\" \/>\n<script type=\"application\/ld+json\" class=\"yoast-schema-graph\">{\"@context\":\"https:\/\/schema.org\",\"@graph\":[{\"@type\":\"WebPage\",\"@id\":\"https:\/\/sipol.com\/it\/informativa-sulla-privacy\/\",\"url\":\"https:\/\/sipol.com\/it\/informativa-sulla-privacy\/\",\"name\":\"Informativa sulla privacy - Sipol\",\"isPartOf\":{\"@id\":\"https:\/\/sipol.com\/it\/#website\"},\"datePublished\":\"2025-04-07T20:25:45+00:00\",\"dateModified\":\"2025-05-28T13:36:12+00:00\",\"breadcrumb\":{\"@id\":\"https:\/\/sipol.com\/it\/informativa-sulla-privacy\/#breadcrumb\"},\"inLanguage\":\"it-IT\",\"potentialAction\":[{\"@type\":\"ReadAction\",\"target\":[\"https:\/\/sipol.com\/it\/informativa-sulla-privacy\/\"]}]},{\"@type\":\"BreadcrumbList\",\"@id\":\"https:\/\/sipol.com\/it\/informativa-sulla-privacy\/#breadcrumb\",\"itemListElement\":[{\"@type\":\"ListItem\",\"position\":1,\"name\":\"Home\",\"item\":\"https:\/\/sipol.com\/it\/\"},{\"@type\":\"ListItem\",\"position\":2,\"name\":\"Informativa sulla privacy\"}]},{\"@type\":\"WebSite\",\"@id\":\"https:\/\/sipol.com\/it\/#website\",\"url\":\"https:\/\/sipol.com\/it\/\",\"name\":\"Sipol\",\"description\":\"\",\"potentialAction\":[{\"@type\":\"SearchAction\",\"target\":{\"@type\":\"EntryPoint\",\"urlTemplate\":\"https:\/\/sipol.com\/it\/?s={search_term_string}\"},\"query-input\":{\"@type\":\"PropertyValueSpecification\",\"valueRequired\":true,\"valueName\":\"search_term_string\"}}],\"inLanguage\":\"it-IT\"}]}<\/script>\n<!-- \/ Yoast SEO plugin. -->","yoast_head_json":{"title":"Informativa sulla privacy - Sipol","robots":{"index":"index","follow":"follow","max-snippet":"max-snippet:-1","max-image-preview":"max-image-preview:large","max-video-preview":"max-video-preview:-1"},"canonical":"https:\/\/sipol.com\/it\/informativa-sulla-privacy\/","og_locale":"it_IT","og_type":"article","og_title":"Informativa sulla privacy - Sipol","og_url":"https:\/\/sipol.com\/it\/informativa-sulla-privacy\/","og_site_name":"Sipol","article_modified_time":"2025-05-28T13:36:12+00:00","twitter_card":"summary_large_image","twitter_misc":{"Tempo di lettura stimato":"13 minuti"},"schema":{"@context":"https:\/\/schema.org","@graph":[{"@type":"WebPage","@id":"https:\/\/sipol.com\/it\/informativa-sulla-privacy\/","url":"https:\/\/sipol.com\/it\/informativa-sulla-privacy\/","name":"Informativa sulla privacy - Sipol","isPartOf":{"@id":"https:\/\/sipol.com\/it\/#website"},"datePublished":"2025-04-07T20:25:45+00:00","dateModified":"2025-05-28T13:36:12+00:00","breadcrumb":{"@id":"https:\/\/sipol.com\/it\/informativa-sulla-privacy\/#breadcrumb"},"inLanguage":"it-IT","potentialAction":[{"@type":"ReadAction","target":["https:\/\/sipol.com\/it\/informativa-sulla-privacy\/"]}]},{"@type":"BreadcrumbList","@id":"https:\/\/sipol.com\/it\/informativa-sulla-privacy\/#breadcrumb","itemListElement":[{"@type":"ListItem","position":1,"name":"Home","item":"https:\/\/sipol.com\/it\/"},{"@type":"ListItem","position":2,"name":"Informativa sulla privacy"}]},{"@type":"WebSite","@id":"https:\/\/sipol.com\/it\/#website","url":"https:\/\/sipol.com\/it\/","name":"Sipol","description":"","potentialAction":[{"@type":"SearchAction","target":{"@type":"EntryPoint","urlTemplate":"https:\/\/sipol.com\/it\/?s={search_term_string}"},"query-input":{"@type":"PropertyValueSpecification","valueRequired":true,"valueName":"search_term_string"}}],"inLanguage":"it-IT"}]}},"_links":{"self":[{"href":"https:\/\/sipol.com\/it\/wp-json\/wp\/v2\/pages\/6318","targetHints":{"allow":["GET"]}}],"collection":[{"href":"https:\/\/sipol.com\/it\/wp-json\/wp\/v2\/pages"}],"about":[{"href":"https:\/\/sipol.com\/it\/wp-json\/wp\/v2\/types\/page"}],"author":[{"embeddable":true,"href":"https:\/\/sipol.com\/it\/wp-json\/wp\/v2\/users\/1"}],"replies":[{"embeddable":true,"href":"https:\/\/sipol.com\/it\/wp-json\/wp\/v2\/comments?post=6318"}],"version-history":[{"count":4,"href":"https:\/\/sipol.com\/it\/wp-json\/wp\/v2\/pages\/6318\/revisions"}],"predecessor-version":[{"id":7269,"href":"https:\/\/sipol.com\/it\/wp-json\/wp\/v2\/pages\/6318\/revisions\/7269"}],"wp:attachment":[{"href":"https:\/\/sipol.com\/it\/wp-json\/wp\/v2\/media?parent=6318"}],"wp:term":[{"taxonomy":"page-category","embeddable":true,"href":"https:\/\/sipol.com\/it\/wp-json\/wp\/v2\/page-category?post=6318"}],"curies":[{"name":"wp","href":"https:\/\/api.w.org\/{rel}","templated":true}]}}