{"id":6399,"date":"2025-04-07T20:36:34","date_gmt":"2025-04-07T20:36:34","guid":{"rendered":"https:\/\/sipol.com\/informativa-sulla-privacy-dei-clienti\/"},"modified":"2025-05-12T22:27:50","modified_gmt":"2025-05-12T22:27:50","slug":"informativa-sulla-privacy-dei-clienti","status":"publish","type":"page","link":"https:\/\/sipol.com\/it\/informativa-sulla-privacy-dei-clienti\/","title":{"rendered":"Informativa sulla privacy dei clienti"},"content":{"rendered":"<p><section data-bb-version=\"5.2.6\" id=\"bt_bb_section69da2063484a3\" class=\"bt_bb_section bt_bb_layout_boxed_1200 bt_bb_vertical_align_bottom bt_bb_top_spacing_extra_large bt_bb_bottom_spacing_normal bt_bb_section_allow_content_outside\" style=\"z-index: 3;\" data-bt-override-class=\"{&quot;bt_bb_top_spacing_&quot;:{&quot;current_class&quot;:&quot;bt_bb_top_spacing_extra_large&quot;,&quot;def&quot;:&quot;extra_large&quot;},&quot;bt_bb_bottom_spacing_&quot;:{&quot;current_class&quot;:&quot;bt_bb_bottom_spacing_normal&quot;,&quot;def&quot;:&quot;normal&quot;},&quot;bt_bb_animation_&quot;:{&quot;current_class&quot;:&quot;bt_bb_animation_no_animation&quot;,&quot;def&quot;:&quot;no_animation&quot;}}\"><div class=\"bt_bb_port\"><div class=\"bt_bb_cell\"><div class=\"bt_bb_cell_inner\"><div class=\"bt_bb_row \"  data-bt-override-class=\"{}\"><div class=\"bt_bb_row_holder\" ><div  class=\"bt_bb_column col-xxl-12 col-xl-12 col-xs-12 col-sm-12 col-md-12 col-lg-12 bt_bb_vertical_align_middle bt_bb_align_left bt_bb_padding_normal bt_bb_animation_fade_in animate\" style=\"position: relative;; --column-width:12;\" data-width=\"12\" data-bt-override-class=\"{}\"><div class=\"bt_bb_column_content\"><div class=\"bt_bb_column_content_inner\"><header data-bb-version=\"5.3.4\" class=\"bt_bb_headline bt_bb_text_transform_uppercase bt_bb_dash_none bt_bb_size_inherit bt_bb_align_center\" style=\";color:rgb(255,255,255);border-color:rgb(255,255,255);\" data-bt-override-class=\"{&quot;bt_bb_size_&quot;:{&quot;current_class&quot;:&quot;bt_bb_size_inherit&quot;,&quot;def&quot;:&quot;inherit&quot;},&quot;bt_bb_align_&quot;:{&quot;current_class&quot;:&quot;bt_bb_align_center&quot;,&quot;def&quot;:&quot;center&quot;},&quot;bt_bb_animation_&quot;:{&quot;current_class&quot;:&quot;bt_bb_animation_no_animation&quot;,&quot;def&quot;:&quot;no_animation&quot;}}\"><h1 style=\"font-size:60px\" class=\"bt_bb_headline_tag\"><span class=\"bt_bb_headline_content\"><span>Informativa sulla privacy dei clienti<\/span><\/span><\/h1><\/header><\/div><\/div><\/div><\/div><\/div><\/div><!-- cell_inner --><\/div><!-- cell --><\/div><!-- port --><\/section><section data-bb-version=\"5.3.1\" id=\"bt_bb_section69da2063486f7\" class=\"bt_bb_section bt_bb_layout_boxed_1000 bt_bb_vertical_align_top bt_bb_top_spacing_medium bt_bb_bottom_spacing_medium bt_bb_section_allow_content_outside\" style=\"z-index: 3;\" data-bt-override-class=\"{&quot;bt_bb_top_spacing_&quot;:{&quot;current_class&quot;:&quot;bt_bb_top_spacing_medium&quot;,&quot;def&quot;:&quot;medium&quot;},&quot;bt_bb_bottom_spacing_&quot;:{&quot;current_class&quot;:&quot;bt_bb_bottom_spacing_medium&quot;,&quot;def&quot;:&quot;medium&quot;},&quot;bt_bb_animation_&quot;:{&quot;current_class&quot;:&quot;bt_bb_animation_no_animation&quot;,&quot;def&quot;:&quot;no_animation&quot;}}\"><div class=\"bt_bb_port\"><div class=\"bt_bb_cell\"><div class=\"bt_bb_cell_inner\"><div class=\"bt_bb_row \"  data-bt-override-class=\"{}\"><div class=\"bt_bb_row_holder\" ><div  class=\"bt_bb_column col-xxl-12 col-xl-12 col-xs-12 col-sm-12 col-md-12 col-lg-12 bt_bb_vertical_align_middle bt_bb_align_left bt_bb_padding_normal bt_bb_animation_fade_in animate\" style=\"position: relative;; --column-width:12;\" data-width=\"12\" data-bt-override-class=\"{}\"><div class=\"bt_bb_column_content\"><div class=\"bt_bb_column_content_inner\"><div data-bb-version=\"5.2.8\"  class=\"bt_bb_text\" ><\/p>\n<h4><strong>INFORMATIVA SULLA PRIVACY AI SENSI DEGLI ARTICOLI 13 e 14 DEL REGOLAMENTO GENERALE SULLA PROTEZIONE DEI DATI (UE) 2016\/679 (GDPR) (Regolamento europeo sulla protezione dei dati personali)<\/strong><\/h4>\n<p>&nbsp;<\/p>\n<p>Gentile Cliente, la presente informativa viene fornita ai singoli clienti (persone fisiche) e alle persone fisiche che operano in nome e per conto di clienti aziendali (persone giuridiche), ai sensi dell&#8217;art.13 e dell&#8217;art.14 General Data Protection Regulation (EU) 2016\/679 (GDPR) (Regolamento europeo sulla protezione dei dati personali).<\/p>\n<p><strong>1) IDENTIT\u00c0 E DATI DI CONTATTO DEL TITOLARE DEL TRATTAMENTO<\/strong>: Il titolare del trattamento \u00e8 Sipol S.p.A. &#8211; Via Leonardo Da Vinci, 5 &#8211; 27036 Mortara (PV) &#8211; P.IVA. 01842120188| C.F. 01669490037 &#8211; Tel. +39 0384 295237 &#8211; privacy@sipol.com.<\/p>\n<p><strong>2) DATI E FONTE DEI DATI PERSONALI<\/strong>: Il Titolare tratta tutti i dati personali relativi alle persone giuridiche (non disciplinati dal GDPR) nonch\u00e9 i dati personali comuni, identificativi, economici, finanziari e gli eventuali dati di pagamento ottenuti direttamente dall&#8217;Interessato e\/o acquisiti da societ\u00e0 esterne al fine di raccogliere informazioni commerciali (tra cui, ad esempio, informazioni sul management).<\/p>\n<p><strong>3) LE FINALIT\u00c0 E LA BASE GIURIDICA DEL TRATTAMENTO DEI DATI<\/strong>:<br \/>\n<strong><u>a. Il trattamento \u00e8 necessario per l&#8217;esecuzione di un contratto di cui l&#8217;interessato \u00e8 parte (art. 6 par. 1 punto b GDPR). <\/u><\/strong><br \/>\nIl trattamento dei tuoi dati \u00e8 necessario per adempiere agli obblighi derivanti da un contratto\/incarico di cui sei parte o per adempiere, prima e dopo l&#8217;esecuzione del contratto, a tue specifiche richieste. Per tali finalit\u00e0, non \u00e8 necessario il tuo preventivo consenso al trattamento dei dati, in quanto la necessit\u00e0 di eseguire un contratto di cui sei parte o di adempiere a tue specifiche richieste costituisce la base giuridica che legittima il trattamento dei dati.<br \/>\n<strong><u>b. Per finalit\u00e0 di legittimo interesse perseguito dal titolare del trattamento (art. 6 par.1 punto f GDPR) <\/u><\/strong><br \/>\nSe necessario, i dati potranno essere trattati anche al di l\u00e0 del mero adempimento contrattuale per salvaguardare i nostri legittimi interessi o quelli di terzi, quali l&#8217;affermazione di pretese legali e la difesa in caso di controversie, l&#8217;individuazione di mezzi di difesa contro le controversie per la tutela del patrimonio aziendale in relazione a danni diretti o indiretti che potrebbero derivare da reclami\/contenziosi, la verifica della solvibilit\u00e0 e la gestione degli accessi alla nostra sede. Per tali finalit\u00e0 non \u00e8 richiesto il consenso preventivo.<br \/>\n<strong><u>c. Per adempiere a un obbligo legale (art. 6 par. 1 punto c GDPR) <\/u><\/strong><br \/>\nQuando il trattamento dei tuoi dati \u00e8 necessario per finalit\u00e0 connesse ad obblighi legali imposti da leggi, norme, regolamenti e disposizioni emanate dalle autorit\u00e0, non \u00e8 necessario il tuo preventivo consenso al trattamento dei tuoi dati, in quanto, in tali casi, la necessit\u00e0 di disporre dei suddetti dati personali per adempiere ad un obbligo legale a cui \u00e8 soggetto il titolare del trattamento costituisce la base giuridica che legittima il trattamento dei dati.<\/p>\n<p><strong>4) MODALIT\u00c0 DI TRATTAMENTO<\/strong><br \/>\nI tuoi dati saranno trattati con modalit\u00e0 cartacee ed elettroniche. Ti assicuriamo che abbiamo implementato tutte le misure ritenute necessarie e\/o appropriate al fine di mantenere l&#8217;integrit\u00e0, la riservatezza e la disponibilit\u00e0 dei dati,<\/p>\n<p><strong>5) DESTINATARI DEI DATI PERSONALI<\/strong><br \/>\nI tuoi dati personali non saranno diffusi, ma solo comunicati a soggetti determinati. Il personale interno ed esterno, in base alle proprie mansioni e qualifiche, \u00e8 autorizzato a trattare i dati nei limiti delle proprie competenze e secondo le istruzioni impartite dal titolare del trattamento. I medesimi dati potranno inoltre essere comunicati a soggetti legittimati ad accedervi in forza di disposizioni di legge, di regolamento, a societ\u00e0 di recapito della corrispondenza, banche e istituti di credito, societ\u00e0 di recupero crediti\/informazioni commerciali, studi legali, societ\u00e0 di assicurazione, societ\u00e0 di supporto informatico, studi professionali\/societ\u00e0 di servizi contabili, fiscali e tributari, liberi professionisti\/collaboratori occasionali, consulenti, agenti ed enti\/societ\u00e0 incaricati da e\/o in rapporto di collaborazione con la scrivente.<\/p>\n<p><strong>6) TRASFERIMENTO DEI DATI<\/strong><br \/>\nI tuoi dati personali saranno gestiti e conservati su server ubicati all&#8217;interno dell&#8217;Unione Europea e non saranno trasferiti al di fuori dell&#8217;Unione Europea. Resta comunque inteso che il Titolare del trattamento si riserva il diritto, se necessario, di scegliere di utilizzare server situati in altre localit\u00e0 in Italia e\/o nell&#8217;Unione Europea e\/o in paesi extra-UE, e\/o di utilizzare servizi cloud. In tali casi, il Titolare del trattamento garantisce, sin d&#8217;ora, che qualsiasi trasferimento di dati al di fuori dell&#8217;Unione Europea avverr\u00e0 nel rispetto delle disposizioni di legge applicabili, se necessario attraverso la stipula di accordi volti a garantire un adeguato livello di protezione e\/o attraverso l&#8217;adozione delle clausole contrattuali standard previste dalla Commissione Europea.<\/p>\n<p><strong>7) CONSERVAZIONE DEI DATI<\/strong><br \/>\nIl Titolare conserva e tratta i dati personali per il tempo strettamente necessario ad adempiere alle finalit\u00e0 indicate, o per il periodo imposto dalle leggi civili e fiscali applicabili.<\/p>\n<p><strong>8) I DIRITTI DELL&#8217;INTERESSATO<\/strong><br \/>\nAi sensi dei seguenti articoli del Regolamento (UE) 2016\/679 (GDPR):15. Diritto di accesso, 16. Diritto di rettifica, 17. Diritto alla cancellazione, 18. Diritto alla limitazione del trattamento, 20. Diritto alla portabilit\u00e0 dei dati, 21. Diritto di opposizione, gli interessati possono esercitare i propri diritti scrivendo al titolare del trattamento all&#8217;indirizzo sopra indicato o inviando una e-mail a: privacy@sipol.com. Ai sensi dell&#8217;articolo 7 del GDPR 2016\/679, l&#8217;interessato pu\u00f2, in qualsiasi momento, revocare il consenso prestato. L&#8217;interessato ha il diritto di proporre reclamo all&#8217;autorit\u00e0 di controllo dello Stato membro in cui risiede abitualmente.<\/p>\n<p><strong>9) CONFERIMENTO DEI DATI<\/strong><br \/>\nLaddove il conferimento dei tuoi dati personali completi sia obbligatorio al fine di ottemperare ad obblighi di legge, norme e regolamenti, e quindi determini la nostra capacit\u00e0 di adempiere, in modo corretto ed efficace, ai nostri obblighi contrattuali, l&#8217;eventuale tuo rifiuto a fornire tali dati comporter\u00e0 l&#8217;impossibilit\u00e0 per noi di adempiere agli obblighi contrattuali assunti nei tuoi confronti; \u00e8 invece facoltativo il conferimento del consenso che ci consente di inviarti newsletter e materiale pubblicitario e di svolgere attivit\u00e0 promozionali.<\/p>\n<p><strong>10) PROCESSI DECISIONALI AUTOMATIZZATI<\/strong><br \/>\nIl titolare del trattamento non tratta i dati con metodi che prevedono processi decisionali automatizzati.<\/p>\n<p>\n<\/div><\/div><\/div><\/div><\/div><\/div><\/div><!-- cell_inner --><\/div><!-- cell --><\/div><!-- port --><\/section><\/p>\n","protected":false},"excerpt":{"rendered":"","protected":false},"author":1,"featured_media":0,"parent":0,"menu_order":0,"comment_status":"closed","ping_status":"closed","template":"","meta":{"_acf_changed":false,"inline_featured_image":false,"footnotes":""},"page-category":[],"class_list":["post-6399","page","type-page","status-publish","hentry"],"acf":[],"yoast_head":"<!-- This site is optimized with the Yoast SEO plugin v25.1 - https:\/\/yoast.com\/wordpress\/plugins\/seo\/ -->\n<title>Informativa sulla privacy dei clienti - Sipol<\/title>\n<meta name=\"robots\" content=\"index, follow, max-snippet:-1, max-image-preview:large, max-video-preview:-1\" \/>\n<link rel=\"canonical\" href=\"https:\/\/sipol.com\/it\/informativa-sulla-privacy-dei-clienti\/\" \/>\n<meta property=\"og:locale\" content=\"it_IT\" \/>\n<meta property=\"og:type\" content=\"article\" \/>\n<meta property=\"og:title\" content=\"Informativa sulla privacy dei clienti - Sipol\" \/>\n<meta property=\"og:url\" content=\"https:\/\/sipol.com\/it\/informativa-sulla-privacy-dei-clienti\/\" \/>\n<meta property=\"og:site_name\" content=\"Sipol\" \/>\n<meta property=\"article:modified_time\" content=\"2025-05-12T22:27:50+00:00\" \/>\n<meta name=\"twitter:card\" content=\"summary_large_image\" \/>\n<meta name=\"twitter:label1\" content=\"Tempo di lettura stimato\" \/>\n\t<meta name=\"twitter:data1\" content=\"7 minuti\" \/>\n<script type=\"application\/ld+json\" class=\"yoast-schema-graph\">{\"@context\":\"https:\/\/schema.org\",\"@graph\":[{\"@type\":\"WebPage\",\"@id\":\"https:\/\/sipol.com\/it\/informativa-sulla-privacy-dei-clienti\/\",\"url\":\"https:\/\/sipol.com\/it\/informativa-sulla-privacy-dei-clienti\/\",\"name\":\"Informativa sulla privacy dei clienti - Sipol\",\"isPartOf\":{\"@id\":\"https:\/\/sipol.com\/it\/#website\"},\"datePublished\":\"2025-04-07T20:36:34+00:00\",\"dateModified\":\"2025-05-12T22:27:50+00:00\",\"breadcrumb\":{\"@id\":\"https:\/\/sipol.com\/it\/informativa-sulla-privacy-dei-clienti\/#breadcrumb\"},\"inLanguage\":\"it-IT\",\"potentialAction\":[{\"@type\":\"ReadAction\",\"target\":[\"https:\/\/sipol.com\/it\/informativa-sulla-privacy-dei-clienti\/\"]}]},{\"@type\":\"BreadcrumbList\",\"@id\":\"https:\/\/sipol.com\/it\/informativa-sulla-privacy-dei-clienti\/#breadcrumb\",\"itemListElement\":[{\"@type\":\"ListItem\",\"position\":1,\"name\":\"Home\",\"item\":\"https:\/\/sipol.com\/it\/\"},{\"@type\":\"ListItem\",\"position\":2,\"name\":\"Informativa sulla privacy dei clienti\"}]},{\"@type\":\"WebSite\",\"@id\":\"https:\/\/sipol.com\/it\/#website\",\"url\":\"https:\/\/sipol.com\/it\/\",\"name\":\"Sipol\",\"description\":\"\",\"potentialAction\":[{\"@type\":\"SearchAction\",\"target\":{\"@type\":\"EntryPoint\",\"urlTemplate\":\"https:\/\/sipol.com\/it\/?s={search_term_string}\"},\"query-input\":{\"@type\":\"PropertyValueSpecification\",\"valueRequired\":true,\"valueName\":\"search_term_string\"}}],\"inLanguage\":\"it-IT\"}]}<\/script>\n<!-- \/ Yoast SEO plugin. -->","yoast_head_json":{"title":"Informativa sulla privacy dei clienti - Sipol","robots":{"index":"index","follow":"follow","max-snippet":"max-snippet:-1","max-image-preview":"max-image-preview:large","max-video-preview":"max-video-preview:-1"},"canonical":"https:\/\/sipol.com\/it\/informativa-sulla-privacy-dei-clienti\/","og_locale":"it_IT","og_type":"article","og_title":"Informativa sulla privacy dei clienti - Sipol","og_url":"https:\/\/sipol.com\/it\/informativa-sulla-privacy-dei-clienti\/","og_site_name":"Sipol","article_modified_time":"2025-05-12T22:27:50+00:00","twitter_card":"summary_large_image","twitter_misc":{"Tempo di lettura stimato":"7 minuti"},"schema":{"@context":"https:\/\/schema.org","@graph":[{"@type":"WebPage","@id":"https:\/\/sipol.com\/it\/informativa-sulla-privacy-dei-clienti\/","url":"https:\/\/sipol.com\/it\/informativa-sulla-privacy-dei-clienti\/","name":"Informativa sulla privacy dei clienti - Sipol","isPartOf":{"@id":"https:\/\/sipol.com\/it\/#website"},"datePublished":"2025-04-07T20:36:34+00:00","dateModified":"2025-05-12T22:27:50+00:00","breadcrumb":{"@id":"https:\/\/sipol.com\/it\/informativa-sulla-privacy-dei-clienti\/#breadcrumb"},"inLanguage":"it-IT","potentialAction":[{"@type":"ReadAction","target":["https:\/\/sipol.com\/it\/informativa-sulla-privacy-dei-clienti\/"]}]},{"@type":"BreadcrumbList","@id":"https:\/\/sipol.com\/it\/informativa-sulla-privacy-dei-clienti\/#breadcrumb","itemListElement":[{"@type":"ListItem","position":1,"name":"Home","item":"https:\/\/sipol.com\/it\/"},{"@type":"ListItem","position":2,"name":"Informativa sulla privacy dei clienti"}]},{"@type":"WebSite","@id":"https:\/\/sipol.com\/it\/#website","url":"https:\/\/sipol.com\/it\/","name":"Sipol","description":"","potentialAction":[{"@type":"SearchAction","target":{"@type":"EntryPoint","urlTemplate":"https:\/\/sipol.com\/it\/?s={search_term_string}"},"query-input":{"@type":"PropertyValueSpecification","valueRequired":true,"valueName":"search_term_string"}}],"inLanguage":"it-IT"}]}},"_links":{"self":[{"href":"https:\/\/sipol.com\/it\/wp-json\/wp\/v2\/pages\/6399","targetHints":{"allow":["GET"]}}],"collection":[{"href":"https:\/\/sipol.com\/it\/wp-json\/wp\/v2\/pages"}],"about":[{"href":"https:\/\/sipol.com\/it\/wp-json\/wp\/v2\/types\/page"}],"author":[{"embeddable":true,"href":"https:\/\/sipol.com\/it\/wp-json\/wp\/v2\/users\/1"}],"replies":[{"embeddable":true,"href":"https:\/\/sipol.com\/it\/wp-json\/wp\/v2\/comments?post=6399"}],"version-history":[{"count":12,"href":"https:\/\/sipol.com\/it\/wp-json\/wp\/v2\/pages\/6399\/revisions"}],"predecessor-version":[{"id":6736,"href":"https:\/\/sipol.com\/it\/wp-json\/wp\/v2\/pages\/6399\/revisions\/6736"}],"wp:attachment":[{"href":"https:\/\/sipol.com\/it\/wp-json\/wp\/v2\/media?parent=6399"}],"wp:term":[{"taxonomy":"page-category","embeddable":true,"href":"https:\/\/sipol.com\/it\/wp-json\/wp\/v2\/page-category?post=6399"}],"curies":[{"name":"wp","href":"https:\/\/api.w.org\/{rel}","templated":true}]}}