{"id":6403,"date":"2025-04-07T20:36:07","date_gmt":"2025-04-07T20:36:07","guid":{"rendered":"https:\/\/sipol.com\/politica-sui-social-media\/"},"modified":"2025-05-28T13:46:53","modified_gmt":"2025-05-28T13:46:53","slug":"politica-sui-social-media","status":"publish","type":"page","link":"https:\/\/sipol.com\/it\/politica-sui-social-media\/","title":{"rendered":"Politica sui social media"},"content":{"rendered":"<p><section data-bb-version=\"5.2.6\" id=\"bt_bb_section69da2063492e3\" class=\"bt_bb_section bt_bb_layout_boxed_1200 bt_bb_vertical_align_bottom bt_bb_top_spacing_extra_large bt_bb_bottom_spacing_normal bt_bb_section_allow_content_outside\" style=\"z-index: 3;\" data-bt-override-class=\"{&quot;bt_bb_top_spacing_&quot;:{&quot;current_class&quot;:&quot;bt_bb_top_spacing_extra_large&quot;,&quot;def&quot;:&quot;extra_large&quot;},&quot;bt_bb_bottom_spacing_&quot;:{&quot;current_class&quot;:&quot;bt_bb_bottom_spacing_normal&quot;,&quot;def&quot;:&quot;normal&quot;},&quot;bt_bb_animation_&quot;:{&quot;current_class&quot;:&quot;bt_bb_animation_no_animation&quot;,&quot;def&quot;:&quot;no_animation&quot;}}\"><div class=\"bt_bb_port\"><div class=\"bt_bb_cell\"><div class=\"bt_bb_cell_inner\"><div class=\"bt_bb_row \"  data-bt-override-class=\"{}\"><div class=\"bt_bb_row_holder\" ><div  class=\"bt_bb_column col-xxl-12 col-xl-12 col-xs-12 col-sm-12 col-md-12 col-lg-12 bt_bb_vertical_align_middle bt_bb_align_left bt_bb_padding_normal bt_bb_animation_fade_in animate\" style=\"position: relative;; --column-width:12;\" data-width=\"12\" data-bt-override-class=\"{}\"><div class=\"bt_bb_column_content\"><div class=\"bt_bb_column_content_inner\"><header data-bb-version=\"5.2.8\" class=\"bt_bb_headline bt_bb_text_transform_uppercase bt_bb_dash_none bt_bb_size_inherit bt_bb_align_center\" style=\";color:rgb(255,255,255);border-color:rgb(255,255,255);\" data-bt-override-class=\"{&quot;bt_bb_size_&quot;:{&quot;current_class&quot;:&quot;bt_bb_size_inherit&quot;,&quot;def&quot;:&quot;inherit&quot;},&quot;bt_bb_align_&quot;:{&quot;current_class&quot;:&quot;bt_bb_align_center&quot;,&quot;def&quot;:&quot;center&quot;},&quot;bt_bb_animation_&quot;:{&quot;current_class&quot;:&quot;bt_bb_animation_no_animation&quot;,&quot;def&quot;:&quot;no_animation&quot;}}\"><h1 style=\"font-size:60px\" class=\"bt_bb_headline_tag\"><span class=\"bt_bb_headline_content\"><span>Politica sui social media<\/span><\/span><\/h1><\/header><\/div><\/div><\/div><\/div><\/div><\/div><!-- cell_inner --><\/div><!-- cell --><\/div><!-- port --><\/section><section data-bb-version=\"5.3.1\" id=\"bt_bb_section69da2063495fd\" class=\"bt_bb_section bt_bb_layout_boxed_1000 bt_bb_vertical_align_top bt_bb_top_spacing_medium bt_bb_bottom_spacing_medium bt_bb_section_allow_content_outside\" style=\"z-index: 3;\" data-bt-override-class=\"{&quot;bt_bb_top_spacing_&quot;:{&quot;current_class&quot;:&quot;bt_bb_top_spacing_medium&quot;,&quot;def&quot;:&quot;medium&quot;},&quot;bt_bb_bottom_spacing_&quot;:{&quot;current_class&quot;:&quot;bt_bb_bottom_spacing_medium&quot;,&quot;def&quot;:&quot;medium&quot;},&quot;bt_bb_animation_&quot;:{&quot;current_class&quot;:&quot;bt_bb_animation_no_animation&quot;,&quot;def&quot;:&quot;no_animation&quot;}}\"><div class=\"bt_bb_port\"><div class=\"bt_bb_cell\"><div class=\"bt_bb_cell_inner\"><div class=\"bt_bb_row \"  data-bt-override-class=\"{}\"><div class=\"bt_bb_row_holder\" ><div  class=\"bt_bb_column col-xxl-12 col-xl-12 col-xs-12 col-sm-12 col-md-12 col-lg-12 bt_bb_vertical_align_middle bt_bb_align_left bt_bb_padding_normal bt_bb_animation_fade_in animate\" style=\"position: relative;; --column-width:12;\" data-width=\"12\" data-bt-override-class=\"{}\"><div class=\"bt_bb_column_content\"><div class=\"bt_bb_column_content_inner\"><div data-bb-version=\"5.2.8\"  class=\"bt_bb_text\" ><\/p>\n<p>La societ\u00e0 Sipol S.p.a. avente sede legale in Via Leonardo da Vinci, 5 \u2013 27036 Mortara (PV) \u2013 P.IVA 01842120188 C.F.<br \/>\n01669490037 &#8211; Titolare del trattamento dei Suoi dati personali, La rimanda alla presente Social Media Policy.<br \/>\nIn relazione ai suddetti trattamenti il Titolare fornisce, tra l\u2019altro, le seguenti informazioni.<br \/>\nLa presente Social Media Policy (\u201cSocial Media Policy\u201d) deve intendersi quale allegato ai documenti Privacy Policy e Cookie Policy consultabili, in un documento separato all\u2019indirizzo internet http:\/\/www.sipol.com.<br \/>\nDetta Social Media Policy ha come finalit\u00e0 quella di descrivere le norme di condotta che gli utenti dovrebbero rispettare nell\u2019utilizzo del sito web e negli spazi attivati dalla societ\u00e0 Sipol S.p.a. sulle piattaforme tecnologiche sociali.<\/p>\n<p>&nbsp;<\/p>\n<h5><strong>Finalit\u00e0<\/strong><\/h5>\n<p>Sipol S.p.a. utilizza il sito web e le piattaforme tecnologiche sociali di seguito (\u201cSocial Media\u201d) con finalit\u00e0 di interesse generale per comunicare con gli utenti attraverso la rete, dare accesso a servizi erogati e promuovere le proprie attivit\u00e0.<br \/>\nLe pagine\/canali sociali sono inoltre utilizzate dal Titolare per favorire la partecipazione, il confronto, il dialogo con gli utenti in un\u2019ottica di trasparenza e di condivisione.<\/p>\n<p>&nbsp;<\/p>\n<h5><strong>Contenuti<\/strong><\/h5>\n<p>Il sito web di Sipol S.p.A. consente l\u2019accesso al social network LinkedIn, la cui informativa sul trattamento dei dati<br \/>\npersonali \u00e8 disponibile al seguente link ufficiale: <a href=\"https:\/\/www.linkedin.com\/legal\/privacy-policy\">https:\/\/www.linkedin.com\/legal\/privacy-policy<\/a>.<br \/>\nAttraverso LinkedIn, e altri eventuali canali social associati al Titolare, sono disponibili aree pubbliche di interazione, come commenti, bacheche e forum.<br \/>\nI contenuti pubblicati dagli utenti in tali contesti possono includere:<\/p>\n<ul>\n<li><span style=\"font-family: Gilroy Regular;\">comunicazioni relative ai prodotti e servizi offerti,<\/span><\/li>\n<li><span style=\"font-family: Gilroy Regular;\">aggiornamenti su progetti in corso, iniziative aziendali, fiere ed eventi;<\/span><\/li>\n<li><span style=\"font-family: Gilroy Regular;\">immagini e video inerenti all\u2019attivit\u00e0 di Sipol S.p.a.\u00a0<\/span><\/li>\n<\/ul>\n<p>Sui canali social vengono inoltre forniti servizi di interazione diretta, finalizzati a rispondere a richieste di informazioni e assistenza. In tali contesti, possono essere raccolti e trattati commenti da parte degli Utenti.<br \/>\nUtilizzando i social media, l\u2019utente \u00e8 consapevole che ogni contenuto pubblicato (testi, immagini, video, ecc.) risulter\u00e0 liberamente visibile a chiunque acceda alla piattaforma. Per tale motivo, Sipol S.p.a. non pu\u00f2 garantire la riservatezza dei dati personali condivisi volontariamente attraverso tali canali pubblici, che sono gestiti secondo le specifiche policy del fornitore del servizio.<\/p>\n<p>&nbsp;<\/p>\n<h5><strong>Commenti e risposte sui social media<\/strong><\/h5>\n<p>L\u2019obiettivo dei servizi di Social Media proposto dal Titolare, oltre a rendersi presente come altro canale di comunicazione sulla rete, \u00e8 rispondere alle richieste pervenute pubblicamente sulle pagine\/canali, inoltrarle alle strutture competenti della stessa per poter rispondere in maniera pertinente. I tempi di risposta possono variare a seconda della tipologia di richiesta.<\/p>\n<p>&nbsp;<\/p>\n<h5><strong>Avvertenze di rischio<\/strong><\/h5>\n<p>Si avverte l\u2019utente di valutare con la necessaria attenzione l\u2019opportunit\u00e0, nei propri interventi, di inserire o meno dati personali, (compreso l\u2019indirizzo di posta elettronica, il numero di telefono cellulare), che possano rivelarne, anche indirettamente, l\u2019identit\u00e0. Lo stesso accorgimento vale soprattutto per dati considerati sensibili (dati rientranti nelle categorie particolari). E\u2019 necessario inoltre, valutare l\u2019opportunit\u00e0 di pubblicare materiale audio, fotografico e videografico che consentano di identificare le persone senza aver chiesto loro il consenso al trattamento di detti dati.<br \/>\nBisogna inoltre prestare attenzione alla possibilit\u00e0 di inserire nei propri interventi dati che possano rivelare, anche<br \/>\nindirettamente l\u2019identit\u00e0 di terzi. Si avverte che i dati e gli interventi sui possono essere visibili e consultabili pubblicamente da qualsiasi utente della rete che acceda al sito o dai Social Media, indicizzati e reperibili anche dai motori di ricerca generali.<\/p>\n<p>&nbsp;<\/p>\n<h5><strong>Regole di utilizzo<\/strong><\/h5>\n<p>La pagina ufficiale di Sipol S.p.A. su LinkedIn \u00e8 accessibile liberamente da tutti gli utenti della rete, senza necessit\u00e0 di previa autorizzazione da parte del Titolare del trattamento. Per questo motivo, si invita l\u2019utenza ad esercitare la massima cautela nella condivisione di dati personali o informazioni sensibili tramite tale piattaforma.<br \/>\nL\u2019utilizzo della piattaforma LinkedIn \u00e8 disciplinato dai Termini di Servizio e dalla relativa Privacy Policy, disponibili al link: <a href=\"https:\/\/www.linkedin.com\/legal\/privacy-policy\">https:\/\/www.linkedin.com\/legal\/privacy-policy<\/a>.<br \/>\nIl Titolare non esercita alcun controllo sulle modalit\u00e0 di utilizzo, diffusione o trattamento delle informazioni personali<br \/>\neventualmente pubblicate dagli utenti nelle aree pubbliche di LinkedIn (quali commenti, post o forum), che pertanto restano di esclusiva responsabilit\u00e0 degli utenti stessi.<br \/>\nSipol S.p.a. auspica che i partecipanti all\u2019attivit\u00e0 social mantengano un comportamento corretto, rispettoso e misurato.<br \/>\nNon saranno tollerati messaggi contenenti volgarit\u00e0, insulti, minacce o incitazioni alla violenza.<br \/>\nIn presenza di contenuti inappropriati, il Titolare si riserva di segnalare tali comportamenti direttamente ai gestori della piattaforma LinkedIn, in conformit\u00e0 alle procedure previste dal social network.<\/p>\n<p>&nbsp;<\/p>\n<h5><strong>Privacy e trattamento dei dati personali<\/strong><\/h5>\n<p>Si ricorda che il trattamento dei dati personali degli utenti risponder\u00e0 alle policy in uso sulle piattaforme utilizzate. La Privacy nei <em>Social Media<\/em> \u00e8 garantita nella misura in cui l\u2019utente \u00e8 a conoscenza di come sta utilizzando la piattaforma, il servizio e le sue potenzialit\u00e0. Ne consegue che le informazioni generate saranno in realt\u00e0 condivise \u201cvolontariamente\u201d dagli utenti che pertanto, non potranno lamentare alcuna possibile violazione della propria sfera personale. L\u2019articolo 21 della Costituzione Italiana tutela la libert\u00e0 di manifestazione del pensiero, ponendo in essere alcuni limiti. Tra questi, poco rispettato, \u00e8 quello relativo alla reputazione altrui. Quando viene espresso un giudizio a carico di un utente, infatti, \u00e8 utile ricordare che nell\u2019utilizzo di espressioni \u201ctroppo forti o colorite\u201d l\u2019autore potrebbe essere chiamato a rispondere del reato di diffamazione. Tutti hanno il diritto di intervenire ed esprimere la propria libera opinione.<br \/>\nI dati personali eventualmente pubblicati dagli utenti sono trattati da Sipol S.p.a. nel rispetto della normativa di cui al Regolamento (UE) 2016\/679 e di quanto disposto (con particolare accenno a riguardo alle finalit\u00e0 e modalit\u00e0 di trattamento del dato) nelle Privacy Policy &amp; Cookie Policy pubblicate sul sito web di Sipol S.p.a. e che l\u2019utente \u00e8 tenuto a visionare prima della <em>Social Media Policy<\/em>.<\/p>\n<p>I dati personali inoltre vengono pubblicati spontaneamente dagli utenti e il trattamento degli stessi da parte del Titolare sono effettuati unicamente per svolgere detti servizi.<br \/>\nIl Titolare del trattamento dei dati personali \u00e8 la societ\u00e0 Sipol S.p.a. avente sede legale in Via Leonardo da Vinci, 5 \u2013 27036 Mortara (PV) \u2013 P.IVA 01842120188 C.F. 01669490037- privacy@sipol.com ed ulteriori informazioni in ordine al<br \/>\ntrattamento ed alla comunicazione di dati previsti direttamente o altrimenti acquisiti potranno essere richieste direttamente al Titolare del Trattamento. Il presente avviso naturalmente non esclude che altre informazioni siano<br \/>\nconferite anche oralmente.<\/p>\n<p>&nbsp;<\/p>\n<p>\n<\/div><\/div><\/div><\/div><\/div><\/div><\/div><!-- cell_inner --><\/div><!-- cell --><\/div><!-- port --><\/section><\/p>\n","protected":false},"excerpt":{"rendered":"","protected":false},"author":1,"featured_media":0,"parent":0,"menu_order":0,"comment_status":"closed","ping_status":"closed","template":"","meta":{"_acf_changed":false,"inline_featured_image":false,"footnotes":""},"page-category":[],"class_list":["post-6403","page","type-page","status-publish","hentry"],"acf":[],"yoast_head":"<!-- This site is optimized with the Yoast SEO plugin v25.1 - https:\/\/yoast.com\/wordpress\/plugins\/seo\/ -->\n<title>Politica sui social media - Sipol<\/title>\n<meta name=\"robots\" content=\"index, follow, max-snippet:-1, max-image-preview:large, max-video-preview:-1\" \/>\n<link rel=\"canonical\" href=\"https:\/\/sipol.com\/it\/politica-sui-social-media\/\" \/>\n<meta property=\"og:locale\" content=\"it_IT\" \/>\n<meta property=\"og:type\" content=\"article\" \/>\n<meta property=\"og:title\" content=\"Politica sui social media - Sipol\" \/>\n<meta property=\"og:url\" content=\"https:\/\/sipol.com\/it\/politica-sui-social-media\/\" \/>\n<meta property=\"og:site_name\" content=\"Sipol\" \/>\n<meta property=\"article:modified_time\" content=\"2025-05-28T13:46:53+00:00\" \/>\n<meta name=\"twitter:card\" content=\"summary_large_image\" \/>\n<meta name=\"twitter:label1\" content=\"Tempo di lettura stimato\" \/>\n\t<meta name=\"twitter:data1\" content=\"9 minuti\" \/>\n<script type=\"application\/ld+json\" class=\"yoast-schema-graph\">{\"@context\":\"https:\/\/schema.org\",\"@graph\":[{\"@type\":\"WebPage\",\"@id\":\"https:\/\/sipol.com\/it\/politica-sui-social-media\/\",\"url\":\"https:\/\/sipol.com\/it\/politica-sui-social-media\/\",\"name\":\"Politica sui social media - Sipol\",\"isPartOf\":{\"@id\":\"https:\/\/sipol.com\/it\/#website\"},\"datePublished\":\"2025-04-07T20:36:07+00:00\",\"dateModified\":\"2025-05-28T13:46:53+00:00\",\"breadcrumb\":{\"@id\":\"https:\/\/sipol.com\/it\/politica-sui-social-media\/#breadcrumb\"},\"inLanguage\":\"it-IT\",\"potentialAction\":[{\"@type\":\"ReadAction\",\"target\":[\"https:\/\/sipol.com\/it\/politica-sui-social-media\/\"]}]},{\"@type\":\"BreadcrumbList\",\"@id\":\"https:\/\/sipol.com\/it\/politica-sui-social-media\/#breadcrumb\",\"itemListElement\":[{\"@type\":\"ListItem\",\"position\":1,\"name\":\"Home\",\"item\":\"https:\/\/sipol.com\/it\/\"},{\"@type\":\"ListItem\",\"position\":2,\"name\":\"Politica sui social media\"}]},{\"@type\":\"WebSite\",\"@id\":\"https:\/\/sipol.com\/it\/#website\",\"url\":\"https:\/\/sipol.com\/it\/\",\"name\":\"Sipol\",\"description\":\"\",\"potentialAction\":[{\"@type\":\"SearchAction\",\"target\":{\"@type\":\"EntryPoint\",\"urlTemplate\":\"https:\/\/sipol.com\/it\/?s={search_term_string}\"},\"query-input\":{\"@type\":\"PropertyValueSpecification\",\"valueRequired\":true,\"valueName\":\"search_term_string\"}}],\"inLanguage\":\"it-IT\"}]}<\/script>\n<!-- \/ Yoast SEO plugin. -->","yoast_head_json":{"title":"Politica sui social media - Sipol","robots":{"index":"index","follow":"follow","max-snippet":"max-snippet:-1","max-image-preview":"max-image-preview:large","max-video-preview":"max-video-preview:-1"},"canonical":"https:\/\/sipol.com\/it\/politica-sui-social-media\/","og_locale":"it_IT","og_type":"article","og_title":"Politica sui social media - Sipol","og_url":"https:\/\/sipol.com\/it\/politica-sui-social-media\/","og_site_name":"Sipol","article_modified_time":"2025-05-28T13:46:53+00:00","twitter_card":"summary_large_image","twitter_misc":{"Tempo di lettura stimato":"9 minuti"},"schema":{"@context":"https:\/\/schema.org","@graph":[{"@type":"WebPage","@id":"https:\/\/sipol.com\/it\/politica-sui-social-media\/","url":"https:\/\/sipol.com\/it\/politica-sui-social-media\/","name":"Politica sui social media - Sipol","isPartOf":{"@id":"https:\/\/sipol.com\/it\/#website"},"datePublished":"2025-04-07T20:36:07+00:00","dateModified":"2025-05-28T13:46:53+00:00","breadcrumb":{"@id":"https:\/\/sipol.com\/it\/politica-sui-social-media\/#breadcrumb"},"inLanguage":"it-IT","potentialAction":[{"@type":"ReadAction","target":["https:\/\/sipol.com\/it\/politica-sui-social-media\/"]}]},{"@type":"BreadcrumbList","@id":"https:\/\/sipol.com\/it\/politica-sui-social-media\/#breadcrumb","itemListElement":[{"@type":"ListItem","position":1,"name":"Home","item":"https:\/\/sipol.com\/it\/"},{"@type":"ListItem","position":2,"name":"Politica sui social media"}]},{"@type":"WebSite","@id":"https:\/\/sipol.com\/it\/#website","url":"https:\/\/sipol.com\/it\/","name":"Sipol","description":"","potentialAction":[{"@type":"SearchAction","target":{"@type":"EntryPoint","urlTemplate":"https:\/\/sipol.com\/it\/?s={search_term_string}"},"query-input":{"@type":"PropertyValueSpecification","valueRequired":true,"valueName":"search_term_string"}}],"inLanguage":"it-IT"}]}},"_links":{"self":[{"href":"https:\/\/sipol.com\/it\/wp-json\/wp\/v2\/pages\/6403","targetHints":{"allow":["GET"]}}],"collection":[{"href":"https:\/\/sipol.com\/it\/wp-json\/wp\/v2\/pages"}],"about":[{"href":"https:\/\/sipol.com\/it\/wp-json\/wp\/v2\/types\/page"}],"author":[{"embeddable":true,"href":"https:\/\/sipol.com\/it\/wp-json\/wp\/v2\/users\/1"}],"replies":[{"embeddable":true,"href":"https:\/\/sipol.com\/it\/wp-json\/wp\/v2\/comments?post=6403"}],"version-history":[{"count":4,"href":"https:\/\/sipol.com\/it\/wp-json\/wp\/v2\/pages\/6403\/revisions"}],"predecessor-version":[{"id":7273,"href":"https:\/\/sipol.com\/it\/wp-json\/wp\/v2\/pages\/6403\/revisions\/7273"}],"wp:attachment":[{"href":"https:\/\/sipol.com\/it\/wp-json\/wp\/v2\/media?parent=6403"}],"wp:term":[{"taxonomy":"page-category","embeddable":true,"href":"https:\/\/sipol.com\/it\/wp-json\/wp\/v2\/page-category?post=6403"}],"curies":[{"name":"wp","href":"https:\/\/api.w.org\/{rel}","templated":true}]}}