{"id":6432,"date":"2025-04-07T20:36:22","date_gmt":"2025-04-07T20:36:22","guid":{"rendered":"https:\/\/sipol.com\/termini-legali\/"},"modified":"2025-05-12T22:27:56","modified_gmt":"2025-05-12T22:27:56","slug":"termini-legali","status":"publish","type":"page","link":"https:\/\/sipol.com\/it\/termini-legali\/","title":{"rendered":"Termini legali"},"content":{"rendered":"<p><section data-bb-version=\"5.2.6\" id=\"bt_bb_section69da230b94414\" class=\"bt_bb_section bt_bb_layout_boxed_1200 bt_bb_vertical_align_bottom bt_bb_top_spacing_extra_large bt_bb_bottom_spacing_normal bt_bb_section_allow_content_outside\" style=\"z-index: 3;\" data-bt-override-class=\"{&quot;bt_bb_top_spacing_&quot;:{&quot;current_class&quot;:&quot;bt_bb_top_spacing_extra_large&quot;,&quot;def&quot;:&quot;extra_large&quot;},&quot;bt_bb_bottom_spacing_&quot;:{&quot;current_class&quot;:&quot;bt_bb_bottom_spacing_normal&quot;,&quot;def&quot;:&quot;normal&quot;},&quot;bt_bb_animation_&quot;:{&quot;current_class&quot;:&quot;bt_bb_animation_no_animation&quot;,&quot;def&quot;:&quot;no_animation&quot;}}\"><div class=\"bt_bb_port\"><div class=\"bt_bb_cell\"><div class=\"bt_bb_cell_inner\"><div class=\"bt_bb_row \"  data-bt-override-class=\"{}\"><div class=\"bt_bb_row_holder\" ><div  class=\"bt_bb_column col-xxl-12 col-xl-12 col-xs-12 col-sm-12 col-md-12 col-lg-12 bt_bb_vertical_align_middle bt_bb_align_left bt_bb_padding_normal bt_bb_animation_fade_in animate\" style=\"position: relative;; --column-width:12;\" data-width=\"12\" data-bt-override-class=\"{}\"><div class=\"bt_bb_column_content\"><div class=\"bt_bb_column_content_inner\"><header data-bb-version=\"5.3.4\" class=\"bt_bb_headline bt_bb_text_transform_uppercase bt_bb_dash_none bt_bb_size_inherit bt_bb_align_center\" style=\";color:rgb(255,255,255);border-color:rgb(255,255,255);\" data-bt-override-class=\"{&quot;bt_bb_size_&quot;:{&quot;current_class&quot;:&quot;bt_bb_size_inherit&quot;,&quot;def&quot;:&quot;inherit&quot;},&quot;bt_bb_align_&quot;:{&quot;current_class&quot;:&quot;bt_bb_align_center&quot;,&quot;def&quot;:&quot;center&quot;},&quot;bt_bb_animation_&quot;:{&quot;current_class&quot;:&quot;bt_bb_animation_no_animation&quot;,&quot;def&quot;:&quot;no_animation&quot;}}\"><h1 style=\"font-size:60px\" class=\"bt_bb_headline_tag\"><span class=\"bt_bb_headline_content\"><span>Termini legali<\/span><\/span><\/h1><\/header><\/div><\/div><\/div><\/div><\/div><\/div><!-- cell_inner --><\/div><!-- cell --><\/div><!-- port --><\/section><section data-bb-version=\"5.3.1\" id=\"bt_bb_section69da230b94743\" class=\"bt_bb_section bt_bb_layout_boxed_1000 bt_bb_vertical_align_top bt_bb_top_spacing_medium bt_bb_bottom_spacing_medium bt_bb_section_allow_content_outside\" style=\"z-index: 3;\" data-bt-override-class=\"{&quot;bt_bb_top_spacing_&quot;:{&quot;current_class&quot;:&quot;bt_bb_top_spacing_medium&quot;,&quot;def&quot;:&quot;medium&quot;},&quot;bt_bb_bottom_spacing_&quot;:{&quot;current_class&quot;:&quot;bt_bb_bottom_spacing_medium&quot;,&quot;def&quot;:&quot;medium&quot;},&quot;bt_bb_animation_&quot;:{&quot;current_class&quot;:&quot;bt_bb_animation_no_animation&quot;,&quot;def&quot;:&quot;no_animation&quot;}}\"><div class=\"bt_bb_port\"><div class=\"bt_bb_cell\"><div class=\"bt_bb_cell_inner\"><div class=\"bt_bb_row \"  data-bt-override-class=\"{}\"><div class=\"bt_bb_row_holder\" ><div  class=\"bt_bb_column col-xxl-12 col-xl-12 col-xs-12 col-sm-12 col-md-12 col-lg-12 bt_bb_vertical_align_middle bt_bb_align_left bt_bb_padding_normal bt_bb_animation_fade_in animate\" style=\"position: relative;; --column-width:12;\" data-width=\"12\" data-bt-override-class=\"{}\"><div class=\"bt_bb_column_content\"><div class=\"bt_bb_column_content_inner\"><div data-bb-version=\"5.2.8\"  class=\"bt_bb_text\" ><\/p>\n<h3><strong>CONDIZIONI GENERALI DI VENDITA E CONSEGNA<\/strong><\/h3>\n<p>&nbsp;<\/p>\n<h5><strong>1. Definizioni<\/strong><\/h5>\n<p>Nei seguenti termini di vendita e consegna:<br \/>\n<strong>&#8220;Venditore&#8221;<\/strong> di seguito sta per: SIPOL SPA, con sede legale in Via Leonardo da Vinci 5, Mortara (PV), Italia, iscritta alla Camera di Commercio di Pavia con numero di iscrizione PV01669490037;<br \/>\nIl <strong>termine &#8220;Cliente&#8221;<\/strong> indica qualsiasi persona fisica o giuridica che acquista o si impegna ad acquistare prodotti dal Venditore;<br \/>\n<strong>&#8220;Beni&#8221;<\/strong> che sono oggetto della consegna e del contratto di vendita;<br \/>\nPer <strong>&#8220;Ordine&#8221;<\/strong> si intende la richiesta di fornitura del Cliente che specifica chiaramente almeno i prodotti e le quantit\u00e0 necessarie.<br \/>\n<strong>&#8220;Conferma d&#8217;Ordine&#8221;<\/strong> \u00e8 il documento emesso dal Venditore per confermare i termini commerciali e contrattuali della fornitura: le quantit\u00e0, l&#8217;imballaggio, i prezzi, i termini di consegna, la data di consegna prevista, i termini di pagamento ed eventuali informazioni aggiuntive.<br \/>\n<strong>&#8220;Contratto&#8221;<\/strong> indica di seguito qualsiasi contratto o accordo stipulato tra il Venditore e il Cliente in merito ai beni ordinati dal Cliente e confermati dal Venditore con la Conferma d&#8217;Ordine.<\/p>\n<p>&nbsp;<\/p>\n<h5><strong>2. Prezzi<\/strong><\/h5>\n<p>Se non diversamente concordato per iscritto, i prezzi saranno espressi in Euro, FCA- Mortara (PV), Italia, come da Incoterms 2010.<br \/>\nSe l&#8217;adempimento del Contratto diventa troppo oneroso a causa di nuovi fattori esterni straordinari e imprevedibili che determinano un importo apprezzabile a svantaggio del Venditore, il Venditore ha il diritto di aumentare il prezzo dei Prodotti ancora da consegnare. Tali fattori includono, a titolo esemplificativo e non esaustivo: materie prime e ausiliarie, energia, prodotti ottenuti dal Venditore da terzi, salari, stipendi, contributi previdenziali, oneri governativi, costi di trasporto e premi assicurativi. Il Venditore comunicher\u00e0 al Cliente tale aumento.<\/p>\n<p>&nbsp;<\/p>\n<h5><strong>3. Conservazione del titolo<\/strong><\/h5>\n<p>I beni consegnati rimangono di propriet\u00e0 del Venditore e possono essere richiesti al Venditore a spese del Cliente in qualsiasi momento fino al completo pagamento del prezzo di acquisto. I pagamenti delle fatture dovranno essere effettuati dal Cliente secondo le modalit\u00e0 e i termini concordati.<br \/>\nAlla scadenza dei termini di pagamento il Cliente sar\u00e0 considerato a tutti gli effetti di legge come parte inadempiente senza alcuna ulteriore lettera di sollecito e gli interessi saranno dovuti come previsto dal D.Lgs. n. 231 del 9\/10\/2002. Decreto Legislativo n. 231 del 9\/10\/2002.<\/p>\n<p>&nbsp;<\/p>\n<h5><strong>4. Consegna<\/strong><\/h5>\n<p>Le date di consegna, se non diversamente concordato, non saranno vincolanti. Salvo diverso accordo tra le Parti, sono consentite spedizioni e consegne parziali; ogni consegna o spedizione parziale sar\u00e0 considerata come un Contratto separato.<br \/>\nIl Venditore non sar\u00e0 responsabile di ritardi nell&#8217;esecuzione o di mancate esecuzioni causate da circostanze al di fuori del suo controllo e imprevedibili al momento della conclusione del presente contratto, quali, a titolo esemplificativo e non esaustivo, catastrofi naturali, scioperi, serrate, carenza di energia o di materie prime, interruzione dei trasporti o misure ufficiali, ritardi dei sub-venditori, nonch\u00e9 da circostanze che rendano l&#8217;esecuzione antieconomica per il futuro prevedibile.<br \/>\nTali circostanze esonereranno il Venditore dall&#8217;obbligo di fornitura per la durata di tali circostanze, compresi i loro effetti successivi, senza assoggettarlo ad alcun obbligo di consegna in una data successiva.<\/p>\n<p>&nbsp;<\/p>\n<h5><strong>5. Pesi<\/strong><\/h5>\n<p>Tutte le quantit\u00e0 e i pesi concordati saranno accettati con una tolleranza del +\/- 3%. A meno che non sia espressamente richiesta una pesatura ufficiale, il peso determinato dal Venditore servir\u00e0 come base per il calcolo del prezzo.<\/p>\n<p>&nbsp;<\/p>\n<h5><strong>6. Conformit\u00e0 alle specifiche<\/strong><\/h5>\n<p>Al momento della consegna e durante la movimentazione, l&#8217;uso, la lavorazione, il trasporto, l&#8217;immagazzinamento e la vendita dei Beni, il Cliente dovr\u00e0 esaminare i Beni e accertarsi che i Beni consegnati soddisfino tutti i requisiti contrattuali.<br \/>\nI reclami relativi ai Prodotti dovranno essere presentati per iscritto e dovranno pervenire al Venditore entro e non oltre dodici (12) giorni dalla data di consegna in relazione a qualsiasi difetto, inadempienza o carenza che risulterebbe evidente da una ragionevole ispezione al momento della consegna, e dodici (12) giorni dalla data in cui si \u00e8 manifestato o avrebbe dovuto manifestarsi qualsiasi altro reclamo. In ogni caso non oltre tre (3) mesi dalla data di consegna dei Prodotti.<br \/>\nL&#8217;uso o il trattamento dei Prodotti sar\u00e0 considerato come un&#8217;accettazione incondizionata dei Prodotti e una rinuncia a qualsiasi reclamo in relazione ai Prodotti.<br \/>\nLa determinazione della conformit\u00e0 o meno dei Prodotti consegnati alle specifiche concordate per i Prodotti come indicato nella Conferma del Venditore o, in assenza di specifiche concordate, alle specifiche pi\u00f9 recenti in possesso del Venditore al momento della consegna dei Prodotti, sar\u00e0 effettuata esclusivamente analizzando i campioni o i registri conservati dal Venditore e prelevati dai lotti o dalle serie di produzione in cui i Prodotti sono stati prodotti in conformit\u00e0 ai metodi di analisi utilizzati dal Venditore.<br \/>\nAl ricevimento di un avviso di difetto, il Venditore ha il diritto di sospendere tutte le ulteriori consegne fino a quando i reclami non si dimostrino infondati e\/o confutati o fino a quando il difetto non sia stato completamente eliminato.<\/p>\n<p>&nbsp;<\/p>\n<h5><strong>7. Garanzia e responsabilit\u00e0<\/strong><\/h5>\n<p>Il Venditore garantisce esclusivamente che alla data di consegna i Beni saranno conformi alle Specifiche. Se e nella misura in cui i Beni non soddisfano tale garanzia, il Venditore potr\u00e0, a sua discrezione, entro un tempo ragionevole, riparare o sostituire i Beni senza alcun costo per l&#8217;Acquirente, oppure emettere un credito per tali Beni per un importo pari al prezzo originale della fattura.<br \/>\nDi conseguenza, l&#8217;obbligo del Venditore sar\u00e0 limitato esclusivamente alla riparazione o alla sostituzione dei Beni o all&#8217;accredito dei Beni.<br \/>\nL&#8217;obbligo del Venditore di riparare, sostituire o accreditare i Beni sar\u00e0 condizionato al ricevimento da parte del Venditore di una notifica tempestiva di qualsiasi presunta non conformit\u00e0 dei Beni. La presente garanzia \u00e8 esclusiva e sostituisce tutte le altre garanzie, dichiarazioni, condizioni o altri termini, espressi, impliciti, statutari, contrattuali o di altro tipo, inclusa, a titolo esemplificativo, qualsiasi garanzia di commerciabilit\u00e0, idoneit\u00e0 o idoneit\u00e0 per qualsiasi scopo, o assenza di violazione di qualsiasi diritto di propriet\u00e0 intellettuale che copra i Prodotti.<br \/>\nIn nessun caso il Venditore sar\u00e0 responsabile nei confronti dell&#8217;Acquirente o di qualsiasi altra persona per qualsiasi tipo di danno o perdita, costo o spesa speciale, incidentale, indiretta, consequenziale o punitiva, inclusi, senza limitazioni, i danni basati sulla perdita di avviamento, di vendite o di profitti, sulla mancata produzione, sulla compromissione di altri beni o altro, e sia che derivino da o siano in relazione alla violazione della garanzia, alla violazione del contratto, alla falsa dichiarazione, alla negligenza o altro. Nonostante qualsiasi disposizione contraria contenuta nel presente documento, la responsabilit\u00e0 del Venditore per qualsiasi reclamo per danni diretti derivanti da o in relazione ai Prodotti e al loro utilizzo non superer\u00e0 in nessun caso la somma dei pagamenti effettuati dall&#8217;Acquirente per i Prodotti oggetto del reclamo.<\/p>\n<p>&nbsp;<\/p>\n<h5><strong>8. Consulenza del Venditore al Cliente<\/strong><\/h5>\n<p>Il Venditore potr\u00e0 consigliare il Cliente al meglio delle sue conoscenze sulla base di ricerche ed esperienze. Tuttavia, tutti i dati e le informazioni che il Venditore fornir\u00e0 in merito all&#8217;idoneit\u00e0 e all&#8217;applicazione dei prodotti sono privi di garanzia, non sono vincolanti e non esonerano il Cliente dall&#8217;effettuare i propri test e le proprie prove.<br \/>\nIl Cliente \u00e8 responsabile del rispetto delle leggi e dei regolamenti quando utilizza i prodotti del Venditore.<\/p>\n<p>&nbsp;<\/p>\n<h5><strong>9. Invalidit\u00e0 parziale<\/strong><\/h5>\n<p>Qualora una disposizione del contratto, o la sua applicazione a una persona o a una circostanza, sia in qualche misura invalida o inapplicabile, il resto del contratto e l&#8217;applicazione di tale disposizione a persone o circostanze diverse da quelle ritenute invalide o inapplicabili non ne risentiranno. Le parti sostituiranno tali disposizioni con disposizioni applicabili e legalmente valide che raggiungano lo stesso scopo delle disposizioni sostituite.<\/p>\n<p>&nbsp;<\/p>\n<h5><strong>10. Legge applicabile e giurisdizione<\/strong><\/h5>\n<p>Le presenti condizioni generali di vendita e consegna e il Contratto sono interpretati e regolati esclusivamente dalla legge italiana.<br \/>\nIl Tribunale di Pavia avr\u00e0 giurisdizione esclusiva su qualsiasi causa che possa insorgere tra le parti in merito all&#8217;interpretazione, all&#8217;applicazione e all&#8217;esecuzione del Contratto.<\/p>\n<p>Una copia della versione ufficiale in italiano \u00e8 pubblicata sul sito www.sipol.com e pu\u00f2 essere richiesta in qualsiasi momento dal Cliente.<\/p>\n<p>\n<\/div><\/div><\/div><\/div><\/div><\/div><\/div><!-- cell_inner --><\/div><!-- cell --><\/div><!-- port --><\/section><\/p>\n","protected":false},"excerpt":{"rendered":"","protected":false},"author":1,"featured_media":0,"parent":0,"menu_order":0,"comment_status":"closed","ping_status":"closed","template":"","meta":{"_acf_changed":false,"inline_featured_image":false,"footnotes":""},"page-category":[],"class_list":["post-6432","page","type-page","status-publish","hentry"],"acf":[],"yoast_head":"<!-- This site is optimized with the Yoast SEO plugin v25.1 - https:\/\/yoast.com\/wordpress\/plugins\/seo\/ -->\n<title>Termini legali - Sipol<\/title>\n<meta name=\"robots\" content=\"index, follow, max-snippet:-1, max-image-preview:large, max-video-preview:-1\" \/>\n<link rel=\"canonical\" href=\"https:\/\/sipol.com\/it\/termini-legali\/\" \/>\n<meta property=\"og:locale\" content=\"it_IT\" \/>\n<meta property=\"og:type\" content=\"article\" \/>\n<meta property=\"og:title\" content=\"Termini legali - Sipol\" \/>\n<meta property=\"og:url\" content=\"https:\/\/sipol.com\/it\/termini-legali\/\" \/>\n<meta property=\"og:site_name\" content=\"Sipol\" \/>\n<meta property=\"article:modified_time\" content=\"2025-05-12T22:27:56+00:00\" \/>\n<meta name=\"twitter:card\" content=\"summary_large_image\" \/>\n<meta name=\"twitter:label1\" content=\"Tempo di lettura stimato\" \/>\n\t<meta name=\"twitter:data1\" content=\"9 minuti\" \/>\n<script type=\"application\/ld+json\" class=\"yoast-schema-graph\">{\"@context\":\"https:\/\/schema.org\",\"@graph\":[{\"@type\":\"WebPage\",\"@id\":\"https:\/\/sipol.com\/it\/termini-legali\/\",\"url\":\"https:\/\/sipol.com\/it\/termini-legali\/\",\"name\":\"Termini legali - Sipol\",\"isPartOf\":{\"@id\":\"https:\/\/sipol.com\/it\/#website\"},\"datePublished\":\"2025-04-07T20:36:22+00:00\",\"dateModified\":\"2025-05-12T22:27:56+00:00\",\"breadcrumb\":{\"@id\":\"https:\/\/sipol.com\/it\/termini-legali\/#breadcrumb\"},\"inLanguage\":\"it-IT\",\"potentialAction\":[{\"@type\":\"ReadAction\",\"target\":[\"https:\/\/sipol.com\/it\/termini-legali\/\"]}]},{\"@type\":\"BreadcrumbList\",\"@id\":\"https:\/\/sipol.com\/it\/termini-legali\/#breadcrumb\",\"itemListElement\":[{\"@type\":\"ListItem\",\"position\":1,\"name\":\"Home\",\"item\":\"https:\/\/sipol.com\/it\/\"},{\"@type\":\"ListItem\",\"position\":2,\"name\":\"Termini legali\"}]},{\"@type\":\"WebSite\",\"@id\":\"https:\/\/sipol.com\/it\/#website\",\"url\":\"https:\/\/sipol.com\/it\/\",\"name\":\"Sipol\",\"description\":\"\",\"potentialAction\":[{\"@type\":\"SearchAction\",\"target\":{\"@type\":\"EntryPoint\",\"urlTemplate\":\"https:\/\/sipol.com\/it\/?s={search_term_string}\"},\"query-input\":{\"@type\":\"PropertyValueSpecification\",\"valueRequired\":true,\"valueName\":\"search_term_string\"}}],\"inLanguage\":\"it-IT\"}]}<\/script>\n<!-- \/ Yoast SEO plugin. -->","yoast_head_json":{"title":"Termini legali - Sipol","robots":{"index":"index","follow":"follow","max-snippet":"max-snippet:-1","max-image-preview":"max-image-preview:large","max-video-preview":"max-video-preview:-1"},"canonical":"https:\/\/sipol.com\/it\/termini-legali\/","og_locale":"it_IT","og_type":"article","og_title":"Termini legali - Sipol","og_url":"https:\/\/sipol.com\/it\/termini-legali\/","og_site_name":"Sipol","article_modified_time":"2025-05-12T22:27:56+00:00","twitter_card":"summary_large_image","twitter_misc":{"Tempo di lettura stimato":"9 minuti"},"schema":{"@context":"https:\/\/schema.org","@graph":[{"@type":"WebPage","@id":"https:\/\/sipol.com\/it\/termini-legali\/","url":"https:\/\/sipol.com\/it\/termini-legali\/","name":"Termini legali - Sipol","isPartOf":{"@id":"https:\/\/sipol.com\/it\/#website"},"datePublished":"2025-04-07T20:36:22+00:00","dateModified":"2025-05-12T22:27:56+00:00","breadcrumb":{"@id":"https:\/\/sipol.com\/it\/termini-legali\/#breadcrumb"},"inLanguage":"it-IT","potentialAction":[{"@type":"ReadAction","target":["https:\/\/sipol.com\/it\/termini-legali\/"]}]},{"@type":"BreadcrumbList","@id":"https:\/\/sipol.com\/it\/termini-legali\/#breadcrumb","itemListElement":[{"@type":"ListItem","position":1,"name":"Home","item":"https:\/\/sipol.com\/it\/"},{"@type":"ListItem","position":2,"name":"Termini legali"}]},{"@type":"WebSite","@id":"https:\/\/sipol.com\/it\/#website","url":"https:\/\/sipol.com\/it\/","name":"Sipol","description":"","potentialAction":[{"@type":"SearchAction","target":{"@type":"EntryPoint","urlTemplate":"https:\/\/sipol.com\/it\/?s={search_term_string}"},"query-input":{"@type":"PropertyValueSpecification","valueRequired":true,"valueName":"search_term_string"}}],"inLanguage":"it-IT"}]}},"_links":{"self":[{"href":"https:\/\/sipol.com\/it\/wp-json\/wp\/v2\/pages\/6432","targetHints":{"allow":["GET"]}}],"collection":[{"href":"https:\/\/sipol.com\/it\/wp-json\/wp\/v2\/pages"}],"about":[{"href":"https:\/\/sipol.com\/it\/wp-json\/wp\/v2\/types\/page"}],"author":[{"embeddable":true,"href":"https:\/\/sipol.com\/it\/wp-json\/wp\/v2\/users\/1"}],"replies":[{"embeddable":true,"href":"https:\/\/sipol.com\/it\/wp-json\/wp\/v2\/comments?post=6432"}],"version-history":[{"count":3,"href":"https:\/\/sipol.com\/it\/wp-json\/wp\/v2\/pages\/6432\/revisions"}],"predecessor-version":[{"id":6737,"href":"https:\/\/sipol.com\/it\/wp-json\/wp\/v2\/pages\/6432\/revisions\/6737"}],"wp:attachment":[{"href":"https:\/\/sipol.com\/it\/wp-json\/wp\/v2\/media?parent=6432"}],"wp:term":[{"taxonomy":"page-category","embeddable":true,"href":"https:\/\/sipol.com\/it\/wp-json\/wp\/v2\/page-category?post=6432"}],"curies":[{"name":"wp","href":"https:\/\/api.w.org\/{rel}","templated":true}]}}